{"id":90,"date":"2024-11-26T13:39:36","date_gmt":"2024-11-26T12:39:36","guid":{"rendered":"https:\/\/www.dunkelmaenner.de\/?page_id=90"},"modified":"2025-01-03T16:34:46","modified_gmt":"2025-01-03T15:34:46","slug":"ueber-uns","status":"publish","type":"page","link":"https:\/\/www.dunkelmaenner.de\/?page_id=90","title":{"rendered":"\u00dcber uns"},"content":{"rendered":"<div class=\"wpb-content-wrapper\"><p>[vc_row][vc_column][vc_column_text css=&#8220;.vc_custom_1735915903164{margin-bottom: 10px !important;}&#8220;]<\/p>\n<h1 style=\"text-align: center;\"><strong>Wer sind die Dunkelm\u00e4nner<\/strong><\/h1>\n<p>[\/vc_column_text][vc_column_text css=&#8220;&#8220; el_class=&#8220;vc_custom_heading main-title vc_custom_1460710024394&#8243;][\/vc_column_text]<div class=\"ult-spacer spacer-69ffecb549767\" data-id=\"69ffecb549767\" data-height=\"50\" data-height-mobile=\"50\" data-height-tab=\"50\" data-height-tab-portrait=\"\" data-height-mobile-landscape=\"\" style=\"clear:both;display:block;\"><\/div>[\/vc_column][\/vc_row][vc_row][vc_column][vc_column_text css=&#8220;&#8220;]<\/p>\n<h5 class=\"vc_custom_heading \" style=\"font-size: 18px; text-align: left; font-family: Raleway; font-weight: 500; font-style: normal;\">Dunkelm\u00e4nner ist ein neu gegr\u00fcndeter deutscher Verlag, der sich der Ver\u00f6ffentlichung von Rollen- und Erz\u00e4hlspielen in deutscher Sprache widmet. Hinter dem Verlag stehen Alexander und Horst, zwei langj\u00e4hrige Freunde und Rollenspieler. Wir haben festgestellt, dass viele Indie-Perlen im Rollenspielbereich in Deutschland kaum Beachtung finden, da sie nur auf Englisch verf\u00fcgbar sind. Wir wollen dabei helfen dies zu \u00e4ndern.<\/h5>\n<p>[\/vc_column_text][\/vc_column][\/vc_row]<\/p>\n<\/div>","protected":false},"excerpt":{"rendered":"<p>[vc_row][vc_column][vc_column_text css=&#8220;.vc_custom_1735915903164{margin-bottom: 10px !important;}&#8220;] Wer sind die Dunkelm\u00e4nner [\/vc_column_text][vc_column_text css=&#8220;&#8220; el_class=&#8220;vc_custom_heading main-title vc_custom_1460710024394&#8243;][\/vc_column_text][\/vc_column][\/vc_row][vc_row][vc_column][vc_column_text css=&#8220;&#8220;] Dunkelm\u00e4nner ist ein neu gegr\u00fcndeter deutscher Verlag, der sich der Ver\u00f6ffentlichung von Rollen- und Erz\u00e4hlspielen in deutscher Sprache widmet. Hinter dem Verlag stehen Alexander und Horst, zwei langj\u00e4hrige Freunde und Rollenspieler. Wir haben festgestellt, dass viele Indie-Perlen im Rollenspielbereich in Deutschland [&hellip;]<\/p>\n","protected":false},"author":1,"featured_media":0,"parent":0,"menu_order":0,"comment_status":"closed","ping_status":"closed","template":"","meta":{"footnotes":""},"class_list":["post-90","page","type-page","status-publish","hentry"],"_links":{"self":[{"href":"https:\/\/www.dunkelmaenner.de\/index.php?rest_route=\/wp\/v2\/pages\/90","targetHints":{"allow":["GET"]}}],"collection":[{"href":"https:\/\/www.dunkelmaenner.de\/index.php?rest_route=\/wp\/v2\/pages"}],"about":[{"href":"https:\/\/www.dunkelmaenner.de\/index.php?rest_route=\/wp\/v2\/types\/page"}],"author":[{"embeddable":true,"href":"https:\/\/www.dunkelmaenner.de\/index.php?rest_route=\/wp\/v2\/users\/1"}],"replies":[{"embeddable":true,"href":"https:\/\/www.dunkelmaenner.de\/index.php?rest_route=%2Fwp%2Fv2%2Fcomments&post=90"}],"version-history":[{"count":11,"href":"https:\/\/www.dunkelmaenner.de\/index.php?rest_route=\/wp\/v2\/pages\/90\/revisions"}],"predecessor-version":[{"id":190,"href":"https:\/\/www.dunkelmaenner.de\/index.php?rest_route=\/wp\/v2\/pages\/90\/revisions\/190"}],"wp:attachment":[{"href":"https:\/\/www.dunkelmaenner.de\/index.php?rest_route=%2Fwp%2Fv2%2Fmedia&parent=90"}],"curies":[{"name":"wp","href":"https:\/\/api.w.org\/{rel}","templated":true}]}}